{"id":212131,"date":"2019-10-25T07:14:28","date_gmt":"2019-10-25T07:14:28","guid":{"rendered":"https:\/\/lta-tennis.be\/?page_id=212131"},"modified":"2019-10-25T07:16:56","modified_gmt":"2019-10-25T07:16:56","slug":"saint-nicolas","status":"publish","type":"page","link":"https:\/\/lta-tennis.be\/en\/saint-nicolas\/","title":{"rendered":"Saint-Nicolas"},"content":{"rendered":"<div data-elementor-type=\"wp-page\" data-elementor-id=\"212131\" class=\"elementor elementor-212131\" data-elementor-post-type=\"page\">\n\t\t\t\t\t\t<section class=\"elementor-section elementor-top-section elementor-element elementor-element-29197d0 elementor-section-boxed elementor-section-height-default elementor-section-height-default\" data-id=\"29197d0\" data-element_type=\"section\" data-e-type=\"section\">\n\t\t\t\t\t\t<div class=\"elementor-container elementor-column-gap-default\">\n\t\t\t\t\t<div class=\"elementor-column elementor-col-100 elementor-top-column elementor-element elementor-element-bf89bb3\" data-id=\"bf89bb3\" data-element_type=\"column\" data-e-type=\"column\">\n\t\t\t<div class=\"elementor-widget-wrap elementor-element-populated\">\n\t\t\t\t\t\t<div class=\"elementor-element elementor-element-41410ba elementor-widget elementor-widget-image\" data-id=\"41410ba\" data-element_type=\"widget\" data-e-type=\"widget\" data-widget_type=\"image.default\">\n\t\t\t\t<div class=\"elementor-widget-container\">\n\t\t\t\t\t\t\t\t\t\t\t\t\t\t\t<img decoding=\"async\" src=\"https:\/\/lta-tennis.be\/wp-content\/uploads\/elementor\/thumbs\/st-nicolas-2019-oh6v2wddliewmx267825od4wjv03xrw4q3jk7nmreo.png\" title=\"st nicolas 2019\" alt=\"st nicolas 2019\" loading=\"lazy\" \/>\t\t\t\t\t\t\t\t\t\t\t\t\t\t\t<\/div>\n\t\t\t\t<\/div>\n\t\t\t\t\t<\/div>\n\t\t<\/div>\n\t\t\t\t\t<\/div>\n\t\t<\/section>\n\t\t\t\t<section class=\"elementor-section elementor-top-section elementor-element elementor-element-4cd0f14 elementor-section-boxed elementor-section-height-default elementor-section-height-default\" data-id=\"4cd0f14\" data-element_type=\"section\" data-e-type=\"section\">\n\t\t\t\t\t\t<div class=\"elementor-container elementor-column-gap-default\">\n\t\t\t\t\t<div class=\"elementor-column elementor-col-100 elementor-top-column elementor-element elementor-element-533caf7\" data-id=\"533caf7\" data-element_type=\"column\" data-e-type=\"column\">\n\t\t\t<div class=\"elementor-widget-wrap\">\n\t\t\t\t\t\t\t<\/div>\n\t\t<\/div>\n\t\t\t\t\t<\/div>\n\t\t<\/section>\n\t\t\t\t<\/div>","protected":false},"excerpt":{"rendered":"<p>Saint-Nicolas Je participe \u00e0 l&#039;animation Saint-Nicolas*Faites votre choixouinon Go\u00fbterLe go\u00fbter est propos\u00e9 \u00e0 7 euros. Merci d&rsquo;indiquer le nombre souhait\u00e9 ainsi que les noms Vous devrez payer la somme au bar \u00e0 Pascal le 30\/11 ! Si vous ne prenez pas de go\u00fbter, merci de ne rien indiquer ci-dessous \ud83d\ude42 Nom et pr\u00e9nom de la [&hellip;]<\/p>","protected":false},"author":1,"featured_media":0,"parent":0,"menu_order":0,"comment_status":"closed","ping_status":"closed","template":"","meta":{"site-sidebar-layout":"no-sidebar","site-content-layout":"page-builder","ast-site-content-layout":"default","site-content-style":"default","site-sidebar-style":"default","ast-global-header-display":"","ast-banner-title-visibility":"","ast-main-header-display":"","ast-hfb-above-header-display":"","ast-hfb-below-header-display":"","ast-hfb-mobile-header-display":"","site-post-title":"disabled","ast-breadcrumbs-content":"","ast-featured-img":"disabled","footer-sml-layout":"","ast-disable-related-posts":"","theme-transparent-header-meta":"default","adv-header-id-meta":"","stick-header-meta":"","header-above-stick-meta":"","header-main-stick-meta":"","header-below-stick-meta":"","astra-migrate-meta-layouts":"default","ast-page-background-enabled":"default","ast-page-background-meta":{"desktop":{"background-color":"","background-image":"","background-repeat":"repeat","background-position":"center center","background-size":"auto","background-attachment":"scroll","background-type":"","background-media":"","overlay-type":"","overlay-color":"","overlay-opacity":"","overlay-gradient":""},"tablet":{"background-color":"","background-image":"","background-repeat":"repeat","background-position":"center center","background-size":"auto","background-attachment":"scroll","background-type":"","background-media":"","overlay-type":"","overlay-color":"","overlay-opacity":"","overlay-gradient":""},"mobile":{"background-color":"","background-image":"","background-repeat":"repeat","background-position":"center center","background-size":"auto","background-attachment":"scroll","background-type":"","background-media":"","overlay-type":"","overlay-color":"","overlay-opacity":"","overlay-gradient":""}},"ast-content-background-meta":{"desktop":{"background-color":"var(--ast-global-color-5)","background-image":"","background-repeat":"repeat","background-position":"center center","background-size":"auto","background-attachment":"scroll","background-type":"","background-media":"","overlay-type":"","overlay-color":"","overlay-opacity":"","overlay-gradient":""},"tablet":{"background-color":"var(--ast-global-color-5)","background-image":"","background-repeat":"repeat","background-position":"center center","background-size":"auto","background-attachment":"scroll","background-type":"","background-media":"","overlay-type":"","overlay-color":"","overlay-opacity":"","overlay-gradient":""},"mobile":{"background-color":"var(--ast-global-color-5)","background-image":"","background-repeat":"repeat","background-position":"center center","background-size":"auto","background-attachment":"scroll","background-type":"","background-media":"","overlay-type":"","overlay-color":"","overlay-opacity":"","overlay-gradient":""}},"footnotes":""},"class_list":["post-212131","page","type-page","status-publish","hentry"],"_links":{"self":[{"href":"https:\/\/lta-tennis.be\/en\/wp-json\/wp\/v2\/pages\/212131","targetHints":{"allow":["GET"]}}],"collection":[{"href":"https:\/\/lta-tennis.be\/en\/wp-json\/wp\/v2\/pages"}],"about":[{"href":"https:\/\/lta-tennis.be\/en\/wp-json\/wp\/v2\/types\/page"}],"author":[{"embeddable":true,"href":"https:\/\/lta-tennis.be\/en\/wp-json\/wp\/v2\/users\/1"}],"replies":[{"embeddable":true,"href":"https:\/\/lta-tennis.be\/en\/wp-json\/wp\/v2\/comments?post=212131"}],"version-history":[{"count":3,"href":"https:\/\/lta-tennis.be\/en\/wp-json\/wp\/v2\/pages\/212131\/revisions"}],"predecessor-version":[{"id":212136,"href":"https:\/\/lta-tennis.be\/en\/wp-json\/wp\/v2\/pages\/212131\/revisions\/212136"}],"wp:attachment":[{"href":"https:\/\/lta-tennis.be\/en\/wp-json\/wp\/v2\/media?parent=212131"}],"curies":[{"name":"wp","href":"https:\/\/api.w.org\/{rel}","templated":true}]}}