{"id":216464,"date":"2020-04-30T07:05:42","date_gmt":"2020-04-30T07:05:42","guid":{"rendered":"https:\/\/lta-tennis.be\/?page_id=216464"},"modified":"2020-04-30T07:15:28","modified_gmt":"2020-04-30T07:15:28","slug":"testsse","status":"publish","type":"page","link":"https:\/\/lta-tennis.be\/en\/testsse\/","title":{"rendered":"testsse"},"content":{"rendered":"<div data-elementor-type=\"wp-page\" data-elementor-id=\"216464\" class=\"elementor elementor-216464\" data-elementor-post-type=\"page\">\n\t\t\t\t\t\t<section class=\"elementor-section elementor-top-section elementor-element elementor-element-b13d0a2 elementor-section-boxed elementor-section-height-default elementor-section-height-default\" data-id=\"b13d0a2\" data-element_type=\"section\" data-e-type=\"section\">\n\t\t\t\t\t\t<div class=\"elementor-container elementor-column-gap-default\">\n\t\t\t\t\t<div class=\"elementor-column elementor-col-100 elementor-top-column elementor-element elementor-element-ab87996\" data-id=\"ab87996\" data-element_type=\"column\" data-e-type=\"column\">\n\t\t\t<div class=\"elementor-widget-wrap elementor-element-populated\">\n\t\t\t\t\t\t\t<\/div>\n\t\t<\/div>\n\t\t\t\t\t<\/div>\n\t\t<\/section>\n\t\t\t\t<section class=\"elementor-section elementor-top-section elementor-element elementor-element-0887260 elementor-section-boxed elementor-section-height-default elementor-section-height-default\" data-id=\"0887260\" data-element_type=\"section\" data-e-type=\"section\">\n\t\t\t\t\t\t<div class=\"elementor-container elementor-column-gap-default\">\n\t\t\t\t\t<div class=\"elementor-column elementor-col-100 elementor-top-column elementor-element elementor-element-f6307ab\" data-id=\"f6307ab\" data-element_type=\"column\" data-e-type=\"column\">\n\t\t\t<div class=\"elementor-widget-wrap elementor-element-populated\">\n\t\t\t\t\t\t<div class=\"elementor-element elementor-element-2d7969a elementor-widget elementor-widget-wp-widget-fluentform_widget\" data-id=\"2d7969a\" data-element_type=\"widget\" data-e-type=\"widget\" data-widget_type=\"wp-widget-fluentform_widget.default\">\n\t\t\t\t<div class=\"elementor-widget-container\">\n\t\t\t\t\t<div class='fluentform ff-default fluentform_wrapper_2 ffs_default_wrap'><form data-form_id=\"2\" id=\"fluentform_2\" class=\"frm-fluent-form fluent_form_2 ff-el-form-top ff_form_instance_2_1 ff-form-loading fluentform_has_payment ffs_default\" data-form_instance=\"ff_form_instance_2_1\" method=\"POST\" action=\"\" ><fieldset  style=\"border: none!important;margin: 0!important;padding: 0!important;background-color: transparent!important;box-shadow: none!important;outline: none!important; min-inline-size: 100%;\">\n                    <legend class=\"ff_screen_reader_title\" style=\"display: block; margin: 0!important;padding: 0!important;height: 0!important;text-indent: -999999px;width: 0!important;overflow:hidden;\">Product Order Form (#2)<\/legend>        <div\n                style=\"display: none!important; position: absolute!important; transform: translateX(1000%)!important;\"\n                class=\"ff-el-group ff-hpsf-container\"\n        >\n            <div class=\"ff-el-input--label asterisk-right\">\n                <label for=\"ff_2_item_sf\" aria-label=\"Contact\">\n                    Contact                <\/label>\n            <\/div>\n            <div class=\"ff-el-input--content\">\n                <input type=\"text\"\n                       name=\"item_2__fluent_sf\"\n                       class=\"ff-el-form-control\"\n                       id=\"ff_2_item_sf\"\n                \/>\n            <\/div>\n        <\/div>\n        <input type='hidden' name='__fluent_form_embded_post_id' value='216464' \/><input type=\"hidden\" id=\"_fluentform_2_fluentformnonce\" name=\"_fluentform_2_fluentformnonce\" value=\"0f5349d50e\" \/><input type=\"hidden\" name=\"_wp_http_referer\" value=\"\/en\/wp-json\/wp\/v2\/pages\/216464\" \/><div class='ff-el-group  ff-custom_html' tabindex='-1' data-name=\"custom_html-2_1\" ><p style=\"text-align: center\"><strong>This is a demo poduct order form. You can use this form by adding your desired fields and customizing them as you like.\u00a0<\/strong><\/p><\/div><div class='ff-el-group  ff-custom_html' tabindex='-1' data-name=\"custom_html-2_2\" ><p><span style=\"font-size: medium\">If your child took part <span style=\"text-decoration: underline\">to a cycle in 2019-2020<\/span>you can benefit from <strong><span style=\"text-decoration: underline\">5% discount on your next course<\/span><\/strong> !&nbsp;<\/span><\/p>\n<p><span style=\"font-size: medium\">To do this, enter the promo code \"<strong>ltastage<\/strong>\"When you place your order!<\/span><\/p>\n<p>&nbsp;<\/p><\/div><div class='ff-el-group'><div class=\"ff-el-input--label ff-el-is-required asterisk-right\"><label for='ff_2_multi_select' id='label_ff_2_multi_select' aria-label=\"Please choose a week for your course\">Please choose a week for your course<\/label><\/div><div class='ff-el-input--content'><select name=\"multi_select[]\" id=\"ff_2_multi_select\" class=\"ff-el-form-control  ff_has_multi_select\" multiple=\"1\" data-name=\"multi_select\" data-calc_value=\"0\"  aria-invalid=\"false\" aria-required=\"true\" aria-labelledby=\"label_ff_2_multi_select\"><option value=\"S0 \u2013 22\/06 au 26\/06\"  >S0 - 22\/06 to 26\/06<\/option><option value=\"S1 \u2013 (3 jours) du 1,2,3 Juillet\"  >S1 - (3 days) from 1,2,3 July<\/option><option value=\"S1 \u2013 (5 jours) du 29\/06 au 03\/07\"  >S1 - (5 days) from 29\/06 to 03\/07<\/option><option value=\"S2 \u2013 (5 jours) du 06\/07 au 10\/07\"  >S2 - (5 days) from 06\/07 to 10\/07<\/option><option value=\"S3 \u2013 (5 jours) du 13\/07 au 17\/07\"  >S3 - (5 days) from 13\/07 to 17\/07<\/option><option value=\"S4 \u2013 (4 jours) du 20\/07 au 24\/07\"  >S4 - (4 days) from 20\/07 to 24\/07<\/option><option value=\"S5 \u2013 (5 jours) du 27\/07 au 31\/07\"  >S5 - (5 days) from 27\/07 to 31\/07<\/option><option value=\"S6 \u2013 (5 jours) du 03\/08 au 07\/08\"  >S6 - (5 days) from 03\/08 to 07\/08<\/option><option value=\"S7 \u2013 (5 jours) du 10\/08 au 14\/08\"  >S7 - (5 days) from 10\/08 to 14\/08<\/option><option value=\"S8 \u2013 (5 jours) du 17\/08 au 21\/08\"  >S8 - (5 days) from 17\/08 to 21\/08<\/option><option value=\"S9 \u2013 (5 jours) du 24\/08 au 28\/08\"  >S9 - (5 days) from 24\/08 to 28\/08<\/option><\/select><\/div><\/div><div class='ff-el-group has-conditions'><div class=\"ff-el-input--label ff-el-is-required asterisk-right\"><label   aria-label=\"Which course would you like?\">Which course would you like?<\/label><\/div><div class='ff-el-input--content'><select name=\"payment_input\" class=\"ff-el-form-control ff_payment_item\" data-payment_item=\"yes\" data-name=\"payment_input\" id=\"payment_input_547415fe61bc2c3b7c047ba8e8a8eb2c\" ><option value=\"TENNIS 100 % (Baby-tennis 3 \u00e0 4 ans)\" data-payment_value=\"155\" data-calc_value=\"155\" >TENNIS 100 % (Baby tennis 3 to 4 years)<\/option><option value=\"1\/2 JOUR TENNIS 100 % (Baby-tennis 3 \u00e0 4 ans)\" data-payment_value=\"100\" data-calc_value=\"100\" >1\/2 DAY TENNIS 100 % (Baby tennis 3 to 4 years)<\/option><option value=\"TENNIS 100% (Mini-tennis 5 \u00e0 6 ans)\" data-payment_value=\"155\" data-calc_value=\"155\" >TENNIS 100% (Mini-tennis 5 to 6 years)<\/option><option value=\"1\/2 JOUR TENNIS 100% (Mini-tennis 5 \u00e0 6 ans)\" data-payment_value=\"100\" data-calc_value=\"100\" >1\/2 DAY TENNIS 100% (Mini-tennis 5 to 6 years)<\/option><option value=\"TENNIS 100 % (7 \u00e0 18 ans)\" data-payment_value=\"155\" data-calc_value=\"155\" >TENNIS 100 % (7 to 18 years)<\/option><option value=\"1\/2 JOUR TENNIS 100 % (7 \u00e0 18 ans)\" data-payment_value=\"100\" data-calc_value=\"100\" >1\/2 DAY TENNIS 100 % (7 to 18 years)<\/option><option value=\"STAGE BABY TENNIS &amp; VELO INITIATION (3 \u00e0 6 ans):\" data-payment_value=\"130\" data-calc_value=\"130\" >BABY TENNIS &amp; BICYCLING INITIATION COURSE (3 to 6 years):<\/option><option value=\"TENNIS \/ FOOTBALL (6 \u00e0 12 ans)\" data-payment_value=\"130\" data-calc_value=\"130\" >TENNIS \/ FOOTBALL (6 to 12 years)<\/option><option value=\"TENNIS \/ MULTISPORTS (6 \u00c0 9 ANS)\" data-payment_value=\"130\" data-calc_value=\"130\" >TENNIS \/ MULTISPORTS (6 TO 9 YEARS)<\/option><option value=\"TENNIS \/ MULTISPORTS (12 \u00c0 15 ANS)\" data-payment_value=\"130\" data-calc_value=\"130\" >TENNIS \/ MULTISPORTS (AGES 12 TO 15)<\/option><option value=\"TENNIS \/ NATATION (6 \u00e0 12 ans)\" data-payment_value=\"130\" data-calc_value=\"130\" >TENNIS \/ SWIMMING (6 to 12 years)<\/option><option value=\"TENNIS \/ GYMNASTIQUE (6 \u00e0 12 ans)\" data-payment_value=\"130\" data-calc_value=\"130\" >TENNIS \/ GYMNASTICS (6 to 12 years)<\/option><option value=\"TENNIS \/ RUGBY (6 \u00e0 12 ans)\" data-payment_value=\"130\" data-calc_value=\"130\" >TENNIS \/ RUGBY (6 to 12 years)<\/option><option value=\"TENNIS \/ DANSE (6 \u00e0 9 ans)\" data-payment_value=\"130\" data-calc_value=\"130\" >TENNIS \/ DANCE (6 to 9 years)<\/option><option value=\"TENNIS \/ DANSE (10 \u00e0 12 ans)\" data-payment_value=\"130\" data-calc_value=\"130\" >TENNIS \/ DANCE (10 to 12 years)<\/option><option value=\"TENNIS \/ THEATRE (6 \u00e0 12 ans)\" data-payment_value=\"130\" data-calc_value=\"130\" >TENNIS \/ THEATRE (6 to 12 years)<\/option><option value=\"TENNIS \/ WALIBI (7 \u00e0 15 ans)\" data-payment_value=\"170\" data-calc_value=\"170\" >TENNIS \/ WALIBI (7 to 15 years)<\/option><option value=\"TENNIS \/ RUGBY (partenariat Kituro) (6 \u00e0 12 ans)\" data-payment_value=\"130\" data-calc_value=\"130\" >TENNIS \/ RUGBY (Kituro partnership) (6 to 12 years)<\/option><option value=\"TENNIS \/ HOCKEY (6 \u00e0 12 ans)\" data-payment_value=\"130\" data-calc_value=\"130\" >TENNIS \/ HOCKEY (6 to 12 years)<\/option><option value=\"TENNIS \/ EXP\u00c9RIENCE SCIENTIFIQUE (5 \u00e0 7 ans)\" data-payment_value=\"130\" data-calc_value=\"130\" >TENNIS \/ SCIENTIFIC EXPERIENCE (5 to 7 years)<\/option><option value=\"TENNIS \/ NEERLANDAIS (7 \u00e0 12 ans)\" data-payment_value=\"130\" data-calc_value=\"130\" >TENNIS \/ DUTCH (7 to 12 years)<\/option><option value=\"TENNIS \/ FUN - EXCURSIONS* (6 \u00e0 14 ans)\" data-payment_value=\"170\" data-calc_value=\"170\" >TENNIS \/ FUN - EXCURSIONS* (6 to 14 years)<\/option><option value=\"TENNIS (compe\u0301tition\/tournois) (-10ans)\" data-payment_value=\"160\" data-calc_value=\"160\" >TENNIS (competition\/tournament) (under 10s)<\/option><option value=\"1\/2 JOUR TENNIS (compe\u0301tition\/tournois) (-10ans)\" data-payment_value=\"100\" data-calc_value=\"100\" >1\/2 DAY TENNIS (competition\/tournament) (under 10s)<\/option><option value=\"TENNIS PRO (compe\u0301tition\/tournois) (+10ans)\" data-payment_value=\"170\" data-calc_value=\"170\" >TENNIS PRO (competition\/tournament) (+10years)<\/option><option value=\"1\/2 JOUR TENNIS PRO (compe\u0301tition\/tournois) (+10ans)\" data-payment_value=\"100\" data-calc_value=\"100\" >1\/2 DAY TENNIS PRO (competition\/tournament) (+10years)<\/option><option value=\"STAGE ADULTES 3x1h30 de 17 \u00e0 18h30 (Lundi, Mardi, Vendredi)\" data-payment_value=\"100\" data-calc_value=\"100\" >ADULT TRAINING 3 x 1.5 hours from 5 to 6.30 pm (Monday, Tuesday, Friday)<\/option><option value=\"STAGE ADULTES 3x1h30 de 18h30 \u00e0 20h00 (Lundi, Mardi, Vendredi)\" data-payment_value=\"100\" data-calc_value=\"100\" >ADULT TRAINING 3x1h30 from 18h30 to 20h00 (Monday, Tuesday, Friday)<\/option><option value=\"STAGE PRIV\u00c9 ADULTE (1 \u00e9l\u00e8ve) 2x1h (horaire \u00e0 d\u00e9finir)\" data-payment_value=\"110\" data-calc_value=\"110\" >ADULT PRIVATE TRAINING (1 student) 2x1h (timetable to be defined)<\/option><option value=\"STAGE PRIV\u00c9 ADULTE (1 \u00e9l\u00e8ve) 3x1h (horaire \u00e0 d\u00e9finir)\" data-payment_value=\"150\" data-calc_value=\"150\" >ADULT PRIVATE TRAINING (1 student) 3x1h (timetable to be defined)<\/option><option value=\"STAGE PRIV\u00c9 1h jeune en option apr\u00e8s le stage lundi, mardi, mercredi, jeudi\" data-payment_value=\"35\" data-calc_value=\"35\" >PRIVATE COURSE 1 hour optional after the course Monday, Tuesday, Wednesday, Thursday<\/option><option value=\"STAGE TENNIS GEEKS ( 7 \u00e0 12 ans )\" data-payment_value=\"150\" data-calc_value=\"150\" >GEEKS TENNIS COURSE ( 7 to 12 years )<\/option><option value=\"STAGE PRIV\u00c9 \u00e0 2 ou famille (2 \u00e9l\u00e8ves) 2 x 1h\" data-payment_value=\"120\" data-calc_value=\"120\" >PRIVATE COURSE for 2 or family (2 students) 2 x 1h<\/option><option value=\"STAGE PRIV\u00c9 \u00e0 2 ou famille (2 \u00e9l\u00e8ves) 4 x 1h\" data-payment_value=\"225\" data-calc_value=\"225\" >PRIVATE COURSE for 2 or family (2 students) 4 x 1h<\/option><option value=\"TENNIS ADO (12 \u00e0 17 ans) (14h \u00e0 16h)\" data-payment_value=\"100\" data-calc_value=\"100\" >TEEN TENNIS (ages 12 to 17) (2pm to 4pm)<\/option><option value=\"TENNIS ADO (12 \u00e0 17 ans) (16h \u00e0 18h)\" data-payment_value=\"100\" data-calc_value=\"100\" >TEEN TENNIS (ages 12 to 17) (4pm to 6pm)<\/option><\/select><\/div><\/div><div class='ff-el-group'><div class=\"ff-el-input--label asterisk-right\"><label for='ff_2_custom-payment-amount' id='label_ff_2_custom-payment-amount' aria-label=\"Custom Payment Amount\">Custom Payment Amount<\/label><\/div><div class='ff-el-input--content'><input type=\"number\" name=\"custom-payment-amount\" id=\"ff_2_custom-payment-amount\" class=\"ff-el-form-control  ff_payment_item\" data-payment_item=\"yes\" data-name=\"custom-payment-amount\" inputmode=\"numeric\" step=\"any\"  aria-invalid=\"false\" aria-required=\"false\"><\/div><\/div><div class='ff-el-group  ff-payment_summary_component' tabindex='-1' data-name=\"payment_summary_component-2_3\" ><div class=\"ff_dynamic_value ff_dynamic_payment_summary\" data-ref=\"payment_summary\"><div class=\"ff_payment_summary\"><\/div><div class=\"ff_payment_summary_fallback\">No payment items has been selected yet<\/div><\/div><\/div><input name=\"payment_method\" type=\"hidden\" value=\"stripe\" data-name=\"payment_method\" class=\"ff-el-form-check-input ff_payment_method ff_selected_payment_method\" ><div class='ff-el-group  ff-custom_html has-conditions' tabindex='-1' data-name=\"custom_html-2_4\" ><p>Make the payment directly from your bank account. Please use the email address you used for communication.<br \/>Your registration will not be sent until the funds have been received. FORTIS account: BE11 001 747 168 848<\/p><\/div><div class='ff-el-group ff-text-left ff_submit_btn_wrapper'><button type=\"submit\" class=\"ff-btn ff-btn-submit ff-btn-md ff_btn_style\"  aria-label=\"S&#039;inscrire\">Sign up<\/button><\/div><\/fieldset><input type=\"hidden\" name=\"trp-form-language\" value=\"en\"\/><\/form><div id='fluentform_2_errors' class='ff-errors-in-stack ff_form_instance_2_1 ff-form-loading_errors ff_form_instance_2_1_errors'><\/div><\/div>            <script type=\"text\/javascript\">\n                window.fluent_form_ff_form_instance_2_1 = {\"id\":\"2\",\"ajaxUrl\":\"https:\\\/\\\/lta-tennis.be\\\/wp-admin\\\/admin-ajax.php\",\"settings\":{\"layout\":{\"labelPlacement\":\"top\",\"helpMessagePlacement\":\"with_label\",\"errorMessagePlacement\":\"inline\"},\"restrictions\":{\"denyEmptySubmission\":{\"enabled\":false}}},\"form_instance\":\"ff_form_instance_2_1\",\"form_id_selector\":\"fluentform_2\",\"rules\":{\"multi_select\":{\"required\":{\"value\":true,\"message\":\"Obligatoire\"}},\"payment_input\":{\"required\":{\"value\":true,\"message\":\"Obligatoire\"}},\"custom-payment-amount\":{\"required\":{\"value\":false,\"message\":\"This field is required\"},\"numeric\":{\"value\":true,\"message\":\"This field must contain numeric value\"},\"min\":{\"value\":\"\",\"message\":\"Minimum value is \"},\"max\":{\"value\":\"\",\"message\":\"Maximum value is \"}}},\"debounce_time\":300,\"conditionals\":{\"payment_input\":{\"type\":\"any\",\"status\":true,\"conditions\":[{\"field\":\"multi_select\",\"value\":\"S1 \\u2013 (5 jours) du 29\\\/06 au 03\\\/07\",\"operator\":\"=\"},{\"field\":\"multi_select\",\"value\":\"S2 \\u2013 (5 jours) du 06\\\/07 au 10\\\/07\",\"operator\":\"=\"},{\"field\":\"multi_select\",\"value\":\"S3 \\u2013 (5 jours) du 13\\\/07 au 17\\\/07\",\"operator\":\"=\"},{\"field\":\"multi_select\",\"value\":\"S5 \\u2013 (5 jours) du 27\\\/07 au 31\\\/07\",\"operator\":\"=\"},{\"field\":\"multi_select\",\"value\":\"S6 \\u2013 (5 jours) du 03\\\/08 au 07\\\/08\",\"operator\":\"=\"},{\"field\":\"multi_select\",\"value\":\"S7 \\u2013 (5 jours) du 10\\\/08 au 14\\\/08\",\"operator\":\"=\"},{\"field\":\"multi_select\",\"value\":\"S8 \\u2013 (5 jours) du 17\\\/08 au 21\\\/08\",\"operator\":\"=\"},{\"field\":\"multi_select\",\"value\":\"S9 \\u2013 (5 jours) du 24\\\/08 au 28\\\/08\",\"operator\":\"=\"}]},\"custom_html-2_4\":{\"type\":\"any\",\"status\":true,\"conditions\":[{\"field\":\"payment_method\",\"value\":\"test\",\"operator\":\"=\"}]}}};\n                            <\/script>\n            \t\t\t\t<\/div>\n\t\t\t\t<\/div>\n\t\t\t\t\t<\/div>\n\t\t<\/div>\n\t\t\t\t\t<\/div>\n\t\t<\/section>\n\t\t\t\t<\/div>","protected":false},"excerpt":{"rendered":"","protected":false},"author":1,"featured_media":0,"parent":0,"menu_order":0,"comment_status":"closed","ping_status":"closed","template":"","meta":{"site-sidebar-layout":"no-sidebar","site-content-layout":"page-builder","ast-site-content-layout":"default","site-content-style":"default","site-sidebar-style":"default","ast-global-header-display":"","ast-banner-title-visibility":"","ast-main-header-display":"","ast-hfb-above-header-display":"","ast-hfb-below-header-display":"","ast-hfb-mobile-header-display":"","site-post-title":"disabled","ast-breadcrumbs-content":"","ast-featured-img":"disabled","footer-sml-layout":"","ast-disable-related-posts":"","theme-transparent-header-meta":"default","adv-header-id-meta":"","stick-header-meta":"","header-above-stick-meta":"","header-main-stick-meta":"","header-below-stick-meta":"","astra-migrate-meta-layouts":"default","ast-page-background-enabled":"default","ast-page-background-meta":{"desktop":{"background-color":"","background-image":"","background-repeat":"repeat","background-position":"center center","background-size":"auto","background-attachment":"scroll","background-type":"","background-media":"","overlay-type":"","overlay-color":"","overlay-opacity":"","overlay-gradient":""},"tablet":{"background-color":"","background-image":"","background-repeat":"repeat","background-position":"center center","background-size":"auto","background-attachment":"scroll","background-type":"","background-media":"","overlay-type":"","overlay-color":"","overlay-opacity":"","overlay-gradient":""},"mobile":{"background-color":"","background-image":"","background-repeat":"repeat","background-position":"center center","background-size":"auto","background-attachment":"scroll","background-type":"","background-media":"","overlay-type":"","overlay-color":"","overlay-opacity":"","overlay-gradient":""}},"ast-content-background-meta":{"desktop":{"background-color":"var(--ast-global-color-5)","background-image":"","background-repeat":"repeat","background-position":"center center","background-size":"auto","background-attachment":"scroll","background-type":"","background-media":"","overlay-type":"","overlay-color":"","overlay-opacity":"","overlay-gradient":""},"tablet":{"background-color":"var(--ast-global-color-5)","background-image":"","background-repeat":"repeat","background-position":"center center","background-size":"auto","background-attachment":"scroll","background-type":"","background-media":"","overlay-type":"","overlay-color":"","overlay-opacity":"","overlay-gradient":""},"mobile":{"background-color":"var(--ast-global-color-5)","background-image":"","background-repeat":"repeat","background-position":"center center","background-size":"auto","background-attachment":"scroll","background-type":"","background-media":"","overlay-type":"","overlay-color":"","overlay-opacity":"","overlay-gradient":""}},"footnotes":""},"class_list":["post-216464","page","type-page","status-publish","hentry"],"_links":{"self":[{"href":"https:\/\/lta-tennis.be\/en\/wp-json\/wp\/v2\/pages\/216464","targetHints":{"allow":["GET"]}}],"collection":[{"href":"https:\/\/lta-tennis.be\/en\/wp-json\/wp\/v2\/pages"}],"about":[{"href":"https:\/\/lta-tennis.be\/en\/wp-json\/wp\/v2\/types\/page"}],"author":[{"embeddable":true,"href":"https:\/\/lta-tennis.be\/en\/wp-json\/wp\/v2\/users\/1"}],"replies":[{"embeddable":true,"href":"https:\/\/lta-tennis.be\/en\/wp-json\/wp\/v2\/comments?post=216464"}],"version-history":[{"count":4,"href":"https:\/\/lta-tennis.be\/en\/wp-json\/wp\/v2\/pages\/216464\/revisions"}],"predecessor-version":[{"id":216468,"href":"https:\/\/lta-tennis.be\/en\/wp-json\/wp\/v2\/pages\/216464\/revisions\/216468"}],"wp:attachment":[{"href":"https:\/\/lta-tennis.be\/en\/wp-json\/wp\/v2\/media?parent=216464"}],"curies":[{"name":"wp","href":"https:\/\/api.w.org\/{rel}","templated":true}]}}