{"id":217059,"date":"2020-08-16T08:15:00","date_gmt":"2020-08-16T08:15:00","guid":{"rendered":"https:\/\/lta-tennis.be\/?page_id=217059"},"modified":"2020-08-16T08:25:52","modified_gmt":"2020-08-16T08:25:52","slug":"gdpr","status":"publish","type":"page","link":"https:\/\/lta-tennis.be\/en\/gdpr\/","title":{"rendered":"GDPR"},"content":{"rendered":"<div data-elementor-type=\"wp-page\" data-elementor-id=\"217059\" class=\"elementor elementor-217059\" data-elementor-post-type=\"page\">\n\t\t\t\t\t\t<section class=\"elementor-section elementor-top-section elementor-element elementor-element-7e526ce7 elementor-section-content-middle elementor-section-boxed elementor-section-height-default elementor-section-height-default\" data-id=\"7e526ce7\" data-element_type=\"section\" data-e-type=\"section\" data-settings=\"{&quot;background_background&quot;:&quot;gradient&quot;,&quot;shape_divider_top&quot;:&quot;curve&quot;,&quot;shape_divider_bottom&quot;:&quot;curve&quot;}\">\n\t\t\t\t\t<div class=\"elementor-shape elementor-shape-top\" aria-hidden=\"true\" data-negative=\"false\">\n\t\t\t<svg xmlns=\"http:\/\/www.w3.org\/2000\/svg\" viewbox=\"0 0 1000 100\" preserveaspectratio=\"none\">\n    <path class=\"elementor-shape-fill\" d=\"M1000,4.3V0H0v4.3C0.9,23.1,126.7,99.2,500,100S1000,22.7,1000,4.3z\"\/>\n<\/svg>\t\t<\/div>\n\t\t\t\t<div class=\"elementor-shape elementor-shape-bottom\" aria-hidden=\"true\" data-negative=\"false\">\n\t\t\t<svg xmlns=\"http:\/\/www.w3.org\/2000\/svg\" viewbox=\"0 0 1000 100\" preserveaspectratio=\"none\">\n    <path class=\"elementor-shape-fill\" d=\"M1000,4.3V0H0v4.3C0.9,23.1,126.7,99.2,500,100S1000,22.7,1000,4.3z\"\/>\n<\/svg>\t\t<\/div>\n\t\t\t\t\t<div class=\"elementor-container elementor-column-gap-default\">\n\t\t\t\t\t<div class=\"elementor-column elementor-col-50 elementor-top-column elementor-element elementor-element-38395d55\" data-id=\"38395d55\" data-element_type=\"column\" data-e-type=\"column\" data-settings=\"{&quot;background_background&quot;:&quot;none&quot;}\">\n\t\t\t<div class=\"elementor-widget-wrap elementor-element-populated\">\n\t\t\t\t\t\t<div class=\"elementor-element elementor-element-3de0249 elementor-widget elementor-widget-spacer\" data-id=\"3de0249\" data-element_type=\"widget\" data-e-type=\"widget\" data-widget_type=\"spacer.default\">\n\t\t\t\t<div class=\"elementor-widget-container\">\n\t\t\t\t\t\t\t<div class=\"elementor-spacer\">\n\t\t\t<div class=\"elementor-spacer-inner\"><\/div>\n\t\t<\/div>\n\t\t\t\t\t\t<\/div>\n\t\t\t\t<\/div>\n\t\t\t\t<div class=\"elementor-element elementor-element-749cdd73 elementor-widget elementor-widget-image\" data-id=\"749cdd73\" data-element_type=\"widget\" data-e-type=\"widget\" data-widget_type=\"image.default\">\n\t\t\t\t<div class=\"elementor-widget-container\">\n\t\t\t\t\t\t\t\t\t\t\t\t\t\t\t<img fetchpriority=\"high\" decoding=\"async\" width=\"744\" height=\"374\" src=\"https:\/\/lta-tennis.be\/wp-content\/uploads\/2019\/08\/lta-logo.png\" class=\"attachment-large size-large wp-image-208915\" alt=\"\" srcset=\"https:\/\/lta-tennis.be\/wp-content\/uploads\/2019\/08\/lta-logo.png 744w, https:\/\/lta-tennis.be\/wp-content\/uploads\/2019\/08\/lta-logo-300x151.png 300w, https:\/\/lta-tennis.be\/wp-content\/uploads\/2019\/08\/lta-logo-600x302.png 600w\" sizes=\"(max-width: 744px) 100vw, 744px\" \/>\t\t\t\t\t\t\t\t\t\t\t\t\t\t\t<\/div>\n\t\t\t\t<\/div>\n\t\t\t\t\t<\/div>\n\t\t<\/div>\n\t\t\t\t<div class=\"elementor-column elementor-col-50 elementor-top-column elementor-element elementor-element-797f8f81\" data-id=\"797f8f81\" data-element_type=\"column\" data-e-type=\"column\">\n\t\t\t<div class=\"elementor-widget-wrap elementor-element-populated\">\n\t\t\t\t\t\t<div class=\"elementor-element elementor-element-185428b5 elementor-widget elementor-widget-image\" data-id=\"185428b5\" data-element_type=\"widget\" data-e-type=\"widget\" data-widget_type=\"image.default\">\n\t\t\t\t<div class=\"elementor-widget-container\">\n\t\t\t\t\t\t\t\t\t\t\t\t\t\t\t<img decoding=\"async\" width=\"627\" height=\"1024\" src=\"https:\/\/lta-tennis.be\/wp-content\/uploads\/2019\/08\/joueur-lta-627x1024.png\" class=\"attachment-large size-large wp-image-209049\" alt=\"\" srcset=\"https:\/\/lta-tennis.be\/wp-content\/uploads\/2019\/08\/joueur-lta-627x1024.png 627w, https:\/\/lta-tennis.be\/wp-content\/uploads\/2019\/08\/joueur-lta-184x300.png 184w, https:\/\/lta-tennis.be\/wp-content\/uploads\/2019\/08\/joueur-lta-768x1254.png 768w, https:\/\/lta-tennis.be\/wp-content\/uploads\/2019\/08\/joueur-lta-600x979.png 600w\" sizes=\"(max-width: 627px) 100vw, 627px\" \/>\t\t\t\t\t\t\t\t\t\t\t\t\t\t\t<\/div>\n\t\t\t\t<\/div>\n\t\t\t\t\t<\/div>\n\t\t<\/div>\n\t\t\t\t\t<\/div>\n\t\t<\/section>\n\t\t\t\t<section class=\"elementor-section elementor-top-section elementor-element elementor-element-1fcb8772 elementor-section-boxed elementor-section-height-default elementor-section-height-default\" data-id=\"1fcb8772\" data-element_type=\"section\" data-e-type=\"section\">\n\t\t\t\t\t\t<div class=\"elementor-container elementor-column-gap-default\">\n\t\t\t\t\t<div class=\"elementor-column elementor-col-100 elementor-top-column elementor-element elementor-element-1d5ec44b\" data-id=\"1d5ec44b\" data-element_type=\"column\" data-e-type=\"column\">\n\t\t\t<div class=\"elementor-widget-wrap elementor-element-populated\">\n\t\t\t\t\t\t<div class=\"elementor-element elementor-element-27152fb8 elementor-widget elementor-widget-spacer\" data-id=\"27152fb8\" data-element_type=\"widget\" data-e-type=\"widget\" data-widget_type=\"spacer.default\">\n\t\t\t\t<div class=\"elementor-widget-container\">\n\t\t\t\t\t\t\t<div class=\"elementor-spacer\">\n\t\t\t<div class=\"elementor-spacer-inner\"><\/div>\n\t\t<\/div>\n\t\t\t\t\t\t<\/div>\n\t\t\t\t<\/div>\n\t\t\t\t<div class=\"elementor-element elementor-element-9d2839e elementor-widget elementor-widget-heading\" data-id=\"9d2839e\" data-element_type=\"widget\" data-e-type=\"widget\" data-widget_type=\"heading.default\">\n\t\t\t\t<div class=\"elementor-widget-container\">\n\t\t\t\t\t<h1 class=\"elementor-heading-title elementor-size-default\">GDPR<\/h1>\t\t\t\t<\/div>\n\t\t\t\t<\/div>\n\t\t\t\t<div class=\"elementor-element elementor-element-a228a2a elementor-widget elementor-widget-image\" data-id=\"a228a2a\" data-element_type=\"widget\" data-e-type=\"widget\" data-widget_type=\"image.default\">\n\t\t\t\t<div class=\"elementor-widget-container\">\n\t\t\t\t\t\t\t\t\t\t\t\t\t\t\t<img decoding=\"async\" width=\"350\" height=\"350\" src=\"https:\/\/lta-tennis.be\/wp-content\/uploads\/2020\/08\/unnamed.jpg\" class=\"attachment-large size-large wp-image-217061\" alt=\"\" srcset=\"https:\/\/lta-tennis.be\/wp-content\/uploads\/2020\/08\/unnamed.jpg 350w, https:\/\/lta-tennis.be\/wp-content\/uploads\/2020\/08\/unnamed-300x300.jpg 300w, https:\/\/lta-tennis.be\/wp-content\/uploads\/2020\/08\/unnamed-150x150.jpg 150w, https:\/\/lta-tennis.be\/wp-content\/uploads\/2020\/08\/unnamed-100x100.jpg 100w\" sizes=\"(max-width: 350px) 100vw, 350px\" \/>\t\t\t\t\t\t\t\t\t\t\t\t\t\t\t<\/div>\n\t\t\t\t<\/div>\n\t\t\t\t<div class=\"elementor-element elementor-element-6109992e elementor-widget elementor-widget-spacer\" data-id=\"6109992e\" data-element_type=\"widget\" data-e-type=\"widget\" data-widget_type=\"spacer.default\">\n\t\t\t\t<div class=\"elementor-widget-container\">\n\t\t\t\t\t\t\t<div class=\"elementor-spacer\">\n\t\t\t<div class=\"elementor-spacer-inner\"><\/div>\n\t\t<\/div>\n\t\t\t\t\t\t<\/div>\n\t\t\t\t<\/div>\n\t\t\t\t\t<\/div>\n\t\t<\/div>\n\t\t\t\t\t<\/div>\n\t\t<\/section>\n\t\t\t\t<section class=\"elementor-section elementor-top-section elementor-element elementor-element-3b76f7c9 elementor-section-boxed elementor-section-height-default elementor-section-height-default\" data-id=\"3b76f7c9\" data-element_type=\"section\" data-e-type=\"section\">\n\t\t\t\t\t\t<div class=\"elementor-container elementor-column-gap-default\">\n\t\t\t\t\t<div class=\"elementor-column elementor-col-100 elementor-top-column elementor-element elementor-element-98d5dc4\" data-id=\"98d5dc4\" data-element_type=\"column\" data-e-type=\"column\">\n\t\t\t<div class=\"elementor-widget-wrap elementor-element-populated\">\n\t\t\t\t\t\t<div class=\"elementor-element elementor-element-519524cb elementor-widget elementor-widget-text-editor\" data-id=\"519524cb\" data-element_type=\"widget\" data-e-type=\"widget\" data-widget_type=\"text-editor.default\">\n\t\t\t\t<div class=\"elementor-widget-container\">\n\t\t\t\t\t\t\t\t\t<h1 style=\"text-align: center;\">Privacy policy<\/h1><div style=\"text-align: center;\">\u00a0<\/div>\t\t\t\t\t\t\t\t<\/div>\n\t\t\t\t<\/div>\n\t\t\t\t<div class=\"elementor-element elementor-element-f30f48b elementor-widget elementor-widget-text-editor\" data-id=\"f30f48b\" data-element_type=\"widget\" data-e-type=\"widget\" data-widget_type=\"text-editor.default\">\n\t\t\t\t<div class=\"elementor-widget-container\">\n\t\t\t\t\t\t\t\t\t<p>We take a very serious approach&nbsp;<strong>respect for your privacy :<\/strong>&nbsp;Your personal information will remain confidential, will not be rented or sold to third parties and will only be used to communicate your respective affiliations to the various federations to which you belong as a member of the LTA ASBL and to inform you via our Newsletter of your club's activities and news.<\/p>\n<p>Your personal details enable us to keep in touch with you regarding invoicing, subscriptions, certificates, insurance, match sheets, interclubs, etc. They are used solely for internal purposes by the LTA ASBL team.<br>To meet the requirements of the new&nbsp;<strong>General Data Protection Regulation<\/strong>&nbsp;(RGPD), we are updating our&nbsp;<strong>privacy policy<\/strong>. You can now consult our&nbsp;<strong>new privacy policy<\/strong>which will give you a better understanding of&nbsp;<strong>information<\/strong>&nbsp;information we collect and how you can access it.&nbsp;<strong>control.<\/strong><\/p>\n<h4><b>What is the purpose of the data?<\/b><\/h4>\n<p>We record your personal data so that we can monitor the administrative, financial and operational aspects of your enrolment in our courses, training courses, events and sessions.<\/p>\n<h4><b>How long will your personal data be kept?<\/b><\/h4>\n<p>It is kept for 3 years and can be consulted by our secretariat, club managers and staff who will be supervising the activities for which you have registered.<\/p>\n<h4><b>Right of access to your personal data?<\/b><\/h4>\n<p>In accordance with the RGPD law, you can exercise your right of access to your personal data and have it rectified by logging on to your space&nbsp;<a href=\"https:\/\/lta-tennis.be\/en\/\" target=\"_blank\">www.lta-tennis.be<\/a>&nbsp;or by contacting&nbsp;<a href=\"mailto:secretariat@lta-tennis.be\">secr\u00e9tariat@lta-tennis.be.<\/a><\/p>\n<h4><b>How can I withdraw my consent?<\/b><\/h4>\n<p>If you wish to withdraw your consent for the use of your personal data or that of one of the members of your family (i.e. for one of the members whose data is accessible in your account on the site&nbsp;<a href=\"https:\/\/lta-tennis.be\/en\/\">www.lta-tennis.be<\/a>&nbsp;Simply edit the data of the person concerned and click on :&nbsp;<strong>I withdraw my consent<\/strong>. However, if this is your case, we will be unable to contact you, send you membership fees, invoices or certificates, and will therefore consider you as an anonymous member of the club with no access to your account.&nbsp;<a href=\"https:\/\/lta-tennis.be\/en\/\">www.lta-tennis.be<\/a><\/p>\n<h4><b>Disclosure of your data to third parties?<\/b><\/h4>\n<p>Your personal data will not be communicated to third parties, with the exception of LTA ASBL's internal management.<\/p>\n<h4><b>Our Data Protection Officer?<\/b><\/h4>\n<p>If you have any further questions about the protection of your personal data and your rights in relation to this data, please do not hesitate to contact our Data Protection Policy Manager. Please contact our secretariat at the following address&nbsp;<a href=\"mailto:secretariat@lta-tennis.be\" target=\"_blank\">secretariat@lta-tennis.be<\/a>.<\/p>\n<p>By reading this communication, we consider that you agree to the use of your data for purely administrative and sporting purposes specific to Lambermont Tennis Academy ASBL.<\/p>\n<p><b>Didier Maes<br><\/b>Chairman of LTA ASBL<\/p>\n<p><\/p>\t\t\t\t\t\t\t\t<\/div>\n\t\t\t\t<\/div>\n\t\t\t\t\t<\/div>\n\t\t<\/div>\n\t\t\t\t\t<\/div>\n\t\t<\/section>\n\t\t\t\t<\/div>","protected":false},"excerpt":{"rendered":"<p>GDPR Politique de confidentialit\u00e9 \u00a0 Nous prenons tr\u00e8s au s\u00e9rieux&nbsp;le respect de votre vie priv\u00e9e :&nbsp;vos informations personnelles resteront confidentielles, ne seront ni lou\u00e9es ni vendues \u00e0 des tiers et serviront uniquement \u00e0 communiquer vos affiliations respectives aux diff\u00e9rentes f\u00e9d\u00e9rations auxquelles vous appartenez en tant que membre du LTA ASBL et vous informer via notre [&hellip;]<\/p>","protected":false},"author":1,"featured_media":0,"parent":0,"menu_order":0,"comment_status":"closed","ping_status":"closed","template":"","meta":{"site-sidebar-layout":"no-sidebar","site-content-layout":"page-builder","ast-site-content-layout":"default","site-content-style":"default","site-sidebar-style":"default","ast-global-header-display":"","ast-banner-title-visibility":"","ast-main-header-display":"","ast-hfb-above-header-display":"","ast-hfb-below-header-display":"","ast-hfb-mobile-header-display":"","site-post-title":"disabled","ast-breadcrumbs-content":"","ast-featured-img":"disabled","footer-sml-layout":"","ast-disable-related-posts":"","theme-transparent-header-meta":"default","adv-header-id-meta":"","stick-header-meta":"","header-above-stick-meta":"","header-main-stick-meta":"","header-below-stick-meta":"","astra-migrate-meta-layouts":"default","ast-page-background-enabled":"default","ast-page-background-meta":{"desktop":{"background-color":"","background-image":"","background-repeat":"repeat","background-position":"center center","background-size":"auto","background-attachment":"scroll","background-type":"","background-media":"","overlay-type":"","overlay-color":"","overlay-opacity":"","overlay-gradient":""},"tablet":{"background-color":"","background-image":"","background-repeat":"repeat","background-position":"center center","background-size":"auto","background-attachment":"scroll","background-type":"","background-media":"","overlay-type":"","overlay-color":"","overlay-opacity":"","overlay-gradient":""},"mobile":{"background-color":"","background-image":"","background-repeat":"repeat","background-position":"center center","background-size":"auto","background-attachment":"scroll","background-type":"","background-media":"","overlay-type":"","overlay-color":"","overlay-opacity":"","overlay-gradient":""}},"ast-content-background-meta":{"desktop":{"background-color":"var(--ast-global-color-5)","background-image":"","background-repeat":"repeat","background-position":"center center","background-size":"auto","background-attachment":"scroll","background-type":"","background-media":"","overlay-type":"","overlay-color":"","overlay-opacity":"","overlay-gradient":""},"tablet":{"background-color":"var(--ast-global-color-5)","background-image":"","background-repeat":"repeat","background-position":"center center","background-size":"auto","background-attachment":"scroll","background-type":"","background-media":"","overlay-type":"","overlay-color":"","overlay-opacity":"","overlay-gradient":""},"mobile":{"background-color":"var(--ast-global-color-5)","background-image":"","background-repeat":"repeat","background-position":"center center","background-size":"auto","background-attachment":"scroll","background-type":"","background-media":"","overlay-type":"","overlay-color":"","overlay-opacity":"","overlay-gradient":""}},"footnotes":""},"class_list":["post-217059","page","type-page","status-publish","hentry"],"_links":{"self":[{"href":"https:\/\/lta-tennis.be\/en\/wp-json\/wp\/v2\/pages\/217059","targetHints":{"allow":["GET"]}}],"collection":[{"href":"https:\/\/lta-tennis.be\/en\/wp-json\/wp\/v2\/pages"}],"about":[{"href":"https:\/\/lta-tennis.be\/en\/wp-json\/wp\/v2\/types\/page"}],"author":[{"embeddable":true,"href":"https:\/\/lta-tennis.be\/en\/wp-json\/wp\/v2\/users\/1"}],"replies":[{"embeddable":true,"href":"https:\/\/lta-tennis.be\/en\/wp-json\/wp\/v2\/comments?post=217059"}],"version-history":[{"count":3,"href":"https:\/\/lta-tennis.be\/en\/wp-json\/wp\/v2\/pages\/217059\/revisions"}],"predecessor-version":[{"id":217064,"href":"https:\/\/lta-tennis.be\/en\/wp-json\/wp\/v2\/pages\/217059\/revisions\/217064"}],"wp:attachment":[{"href":"https:\/\/lta-tennis.be\/en\/wp-json\/wp\/v2\/media?parent=217059"}],"curies":[{"name":"wp","href":"https:\/\/api.w.org\/{rel}","templated":true}]}}