{"id":218014,"date":"2022-12-07T11:46:08","date_gmt":"2022-12-07T11:46:08","guid":{"rendered":"https:\/\/lta-tennis.be\/?page_id=218014"},"modified":"2022-12-07T11:47:46","modified_gmt":"2022-12-07T11:47:46","slug":"testt","status":"publish","type":"page","link":"https:\/\/lta-tennis.be\/en\/testt\/","title":{"rendered":"testt"},"content":{"rendered":"<div data-elementor-type=\"wp-page\" data-elementor-id=\"218014\" class=\"elementor elementor-218014\" data-elementor-post-type=\"page\">\n\t\t\t\t\t\t<section class=\"elementor-section elementor-top-section elementor-element elementor-element-2cc4b8a elementor-section-boxed elementor-section-height-default elementor-section-height-default\" data-id=\"2cc4b8a\" data-element_type=\"section\" data-e-type=\"section\">\n\t\t\t\t\t\t<div class=\"elementor-container elementor-column-gap-default\">\n\t\t\t\t\t<div class=\"elementor-column elementor-col-100 elementor-top-column elementor-element elementor-element-30299b1\" data-id=\"30299b1\" data-element_type=\"column\" data-e-type=\"column\">\n\t\t\t<div class=\"elementor-widget-wrap elementor-element-populated\">\n\t\t\t\t\t\t<div class=\"elementor-element elementor-element-2ca13b4 elementor-widget elementor-widget-shortcode\" data-id=\"2ca13b4\" data-element_type=\"widget\" data-e-type=\"widget\" data-widget_type=\"shortcode.default\">\n\t\t\t\t<div class=\"elementor-widget-container\">\n\t\t\t\t\t\t\t<div class=\"elementor-shortcode\"><script type=\"text\/javascript\">var gform;gform||(document.addEventListener(\"gform_main_scripts_loaded\",function(){gform.scriptsLoaded=!0}),window.addEventListener(\"DOMContentLoaded\",function(){gform.domLoaded=!0}),gform={domLoaded:!1,scriptsLoaded:!1,initializeOnLoaded:function(o){gform.domLoaded&&gform.scriptsLoaded?o():!gform.domLoaded&&gform.scriptsLoaded?window.addEventListener(\"DOMContentLoaded\",o):document.addEventListener(\"gform_main_scripts_loaded\",o)},hooks:{action:{},filter:{}},addAction:function(o,n,r,t){gform.addHook(\"action\",o,n,r,t)},addFilter:function(o,n,r,t){gform.addHook(\"filter\",o,n,r,t)},doAction:function(o){gform.doHook(\"action\",o,arguments)},applyFilters:function(o){return gform.doHook(\"filter\",o,arguments)},removeAction:function(o,n){gform.removeHook(\"action\",o,n)},removeFilter:function(o,n,r){gform.removeHook(\"filter\",o,n,r)},addHook:function(o,n,r,t,i){null==gform.hooks[o][n]&&(gform.hooks[o][n]=[]);var e=gform.hooks[o][n];null==i&&(i=n+\"_\"+e.length),gform.hooks[o][n].push({tag:i,callable:r,priority:t=null==t?10:t})},doHook:function(n,o,r){var t;if(r=Array.prototype.slice.call(r,1),null!=gform.hooks[n][o]&&((o=gform.hooks[n][o]).sort(function(o,n){return o.priority-n.priority}),o.forEach(function(o){\"function\"!=typeof(t=o.callable)&&(t=window[t]),\"action\"==n?t.apply(null,r):r[0]=t.apply(null,r)})),\"filter\"==n)return r[0]},removeHook:function(o,n,t,i){var r;null!=gform.hooks[o][n]&&(r=(r=gform.hooks[o][n]).filter(function(o,n,r){return!!(null!=i&&i!=o.tag||null!=t&&t!=o.priority)}),gform.hooks[o][n]=r)}});<\/script>\n                <div class='gf_browser_gecko gform_wrapper gravity-theme' id='gform_wrapper_25' ><div id='gf_25' class='gform_anchor' tabindex='-1'><\/div><form method='post' enctype='multipart\/form-data' target='gform_ajax_frame_25' id='gform_25'  action='\/en\/wp-json\/wp\/v2\/pages\/218014#gf_25' data-trp-original-action=\"\/en\/wp-json\/wp\/v2\/pages\/218014#gf_25\" >\n                        <div class='gform_body gform-body'><div id='gform_fields_25' class='gform_fields top_label form_sublabel_below description_below'><fieldset id=\"field_25_83\"  class=\"gfield gfield--width-full field_sublabel_below field_description_below gfield_visibility_visible\"  data-js-reload=\"field_25_83\"><legend class='gfield_label'  >Date<\/legend><div class='ginput_container ginput_container_radio'><div class='gfield_radio' id='input_25_83'>\n\t\t\t<div class='gchoice gchoice_25_83_0'>\n\t\t\t\t\t<input class='gfield-choice-input' name='input_83' type='radio' value='29\/04\/23 \u2013 06\/05\/23 - 7 nuits'  id='choice_25_83_0' onchange='gformToggleRadioOther( this )'  tabindex='49'  \/>\n\t\t\t\t\t<label for='choice_25_83_0' id='label_25_83_0'>29\/04\/23 - 06\/05\/23 - 7 nights<\/label>\n\t\t\t<\/div><\/div><\/div><\/fieldset><div id=\"field_25_1\"  class=\"gfield gfield_price gfield_price_25_1 gfield_product_25_1 field_sublabel_below field_description_above gfield_visibility_visible\"  data-js-reload=\"field_25_1\"><label class='gfield_label' for='input_25_1' >Participants<\/label><div class='ginput_container ginput_container_select'><select name='input_1' id='input_25_1' class='large gfield_select' tabindex='50'    aria-invalid=\"false\" ><option value='Faites votre choix|0' >Make your choice<\/option><option value='Enfant - de 12 ans : 835 \u20ac ( seul min 7 ans)|835' >Children under 12: \u20ac835 (under 7)<\/option><option value='Jeune de plus de 12 ans|955' >Young people over 12<\/option><option value='Adulte ( + de 18 ans)|975' >Adults (over 18)<\/option><option value='2 x Adultes + 1 enfants ( -12 ans)|2710' >2 x Adults + 1 child (under 12)<\/option><option value='2 x Adultes + 2 enfants (- 12 ans)|3550' >2 x Adults + 2 children (under 12)<\/option><option value='2 x Adultes + 3 enfants (- 12 ans)|4090' >2 x Adults + 3 children (under 12)<\/option><option value='1 x Adulte + 1 enfant ( -12 ans)|1790' >1 x Adult + 1 child ( -12 years)<\/option><option value='1 adulte seul|1030' >1 single adult<\/option><\/select><\/div><\/div><fieldset id=\"field_25_96\"  class=\"gfield gfield--width-full gfield_price gfield_price_25_1 gfield_option_25_1 field_sublabel_below field_description_below gfield_visibility_visible\"  data-js-reload=\"field_25_96\"><legend class='gfield_label gfield_label_before_complex'  >Option<\/legend><div class='ginput_container ginput_container_checkbox'><div class='gfield_checkbox' id='input_25_96'><div class='gchoice gchoice_25_96_1'>\n\t\t\t\t\t\t\t\t<input class='gfield-choice-input' name='input_96.1' type='checkbox'  value='Sans option|0'  id='choice_25_96_1' tabindex='51'  \/>\n\t\t\t\t\t\t\t\t<label for='choice_25_96_1' id='label_25_96_1'>Without option<\/label>\n\t\t\t\t\t\t\t<\/div><div class='gchoice gchoice_25_96_2'>\n\t\t\t\t\t\t\t\t<input class='gfield-choice-input' name='input_96.2' type='checkbox'  value='Vue sur mer|55'  id='choice_25_96_2' tabindex='52'  \/>\n\t\t\t\t\t\t\t\t<label for='choice_25_96_2' id='label_25_96_2'>Sea view<\/label>\n\t\t\t\t\t\t\t<\/div><div class='gchoice gchoice_25_96_3'>\n\t\t\t\t\t\t\t\t<input class='gfield-choice-input' name='input_96.3' type='checkbox'  value='Chambre Single|75'  id='choice_25_96_3' tabindex='53'  \/>\n\t\t\t\t\t\t\t\t<label for='choice_25_96_3' id='label_25_96_3'>Single room<\/label>\n\t\t\t\t\t\t\t<\/div><\/div><\/div><\/fieldset><div id=\"field_25_94\"  class=\"gfield gfield--width-full gfield_price gfield_price_25_ gfield_total gfield_total_25_ field_sublabel_below field_description_below gfield_visibility_visible\"  aria-atomic=\"true\" aria-live=\"polite\" data-js-reload=\"field_25_94\"><label class='gfield_label' for='input_25_94' >Total<\/label><div class='ginput_container ginput_container_total'>\n\t\t\t\t\t\t\t<input readonly name='input_94' id='input_25_94' value='0,00 &#8364;' class='gform-text-input-reset ginput_total ginput_total_25' \/>\n\t\t\t\t\t\t<\/div><div class='gfield_description' id='gfield_description_25_94'>Please pay a deposit of 50% into the LTA ASBL account BE 11 0017 4716 8848 before 28 December 2022.<\/div><\/div><div id=\"field_25_12\"  class=\"gfield gsection field_sublabel_below field_description_below gfield_visibility_visible\"  data-js-reload=\"field_25_12\"><h3 class=\"gsection_title\">Information about the person making the reservation<\/h3><\/div><fieldset id=\"field_25_13\"  class=\"gfield gfield--width-full field_sublabel_below field_description_below gfield_visibility_visible\"  data-js-reload=\"field_25_13\"><legend class='gfield_label gfield_label_before_complex'  >Name<\/legend><div class='ginput_complex ginput_container no_prefix has_first_name no_middle_name has_last_name no_suffix gf_name_has_2 ginput_container_name' id='input_25_13'>\n                            \n                            <span id='input_25_13_3_container' class='name_first' >\n                                                    <input type='text' name='input_13.3' id='input_25_13_3' value='' tabindex='55'  aria-required='false'     \/>\n                                                    <label for='input_25_13_3' >First<\/label>\n                                                <\/span>\n                            \n                            <span id='input_25_13_6_container' class='name_last' >\n                                                    <input type='text' name='input_13.6' id='input_25_13_6' value='' tabindex='57'  aria-required='false'     \/>\n                                                    <label for='input_25_13_6' >Last<\/label>\n                                                <\/span>\n                            \n                        <\/div><\/fieldset><div id=\"field_25_38\"  class=\"gfield gfield--width-full field_sublabel_below field_description_below gfield_visibility_visible\"  data-js-reload=\"field_25_38\"><label class='gfield_label' for='input_25_38' >Telephone number of the person in charge<\/label><div class='ginput_container ginput_container_text'><input name='input_38' id='input_25_38' type='text' value='' class='large'   tabindex='59'   aria-invalid=\"false\"   \/> <\/div><\/div><div id=\"field_25_37\"  class=\"gfield gfield--width-full field_sublabel_below field_description_below gfield_visibility_visible\"  data-js-reload=\"field_25_37\"><label class='gfield_label' for='input_25_37' >E-mail of the person responsible<\/label><div class='ginput_container ginput_container_email'>\n                            <input name='input_37' id='input_25_37' type='text' value='' class='large' tabindex='60'    aria-invalid=\"false\"  \/>\n                        <\/div><\/div><div id=\"field_25_15\"  class=\"gfield gsection field_sublabel_below field_description_below gfield_visibility_visible\"  data-js-reload=\"field_25_15\"><h3 class=\"gsection_title\">List of travellers<\/h3><\/div><div id=\"field_25_95\"  class=\"gfield gfield--width-full gfield_contains_required field_sublabel_below field_description_above gfield_visibility_visible\"  data-js-reload=\"field_25_95\"><label class='gfield_label' for='input_25_95' >Travellers<span class=\"gfield_required\"><span class=\"gfield_required gfield_required_text\">(Required)<\/span><\/span><\/label><div class='gfield_description' id='gfield_description_25_95'>Please indicate the surname, first name, age and date of birth of all participants.<\/div><div class='ginput_container ginput_container_textarea'><textarea name='input_95' id='input_25_95' class='textarea large' tabindex='61' aria-describedby=\"gfield_description_25_95\" maxlength='5000'  aria-required=\"true\" aria-invalid=\"false\"   rows='10' cols='50'><\/textarea><\/div><\/div><fieldset id=\"field_25_97\"  class=\"gfield gfield--width-full gfield_contains_required field_sublabel_below field_description_below gfield_visibility_visible\"  data-js-reload=\"field_25_97\"><legend class='gfield_label gfield_label_before_complex'  >I hereby declare<span class=\"gfield_required\"><span class=\"gfield_required gfield_required_text\">(Required)<\/span><\/span><\/legend><div class='ginput_container ginput_container_checkbox'><div class='gfield_checkbox' id='input_25_97'><div class='gchoice gchoice_25_97_1'>\n\t\t\t\t\t\t\t\t<input class='gfield-choice-input' name='input_97.1' type='checkbox'  value='verser 50 % de la totalit\u00e9 du voyage sur le compte LTA ASBL avant le 28 d\u00e9cembre 2022 et le compl\u00e9ment dans les 5 jours qui suivront la confirmation d\u00e9finitive de ma part.'  id='choice_25_97_1' tabindex='62'  \/>\n\t\t\t\t\t\t\t\t<label for='choice_25_97_1' id='label_25_97_1'>pay 50 % of the total cost of the trip into the LTA ASBL account before 28 December 2022 and the balance within 5 days of final confirmation from me.<\/label>\n\t\t\t\t\t\t\t<\/div><\/div><\/div><\/fieldset><\/div><\/div>\n        <div class='gform_footer top_label'> <input type='submit' id='gform_submit_button_25' class='gform_button button' value='Send' tabindex='63' onclick='if(window[\"gf_submitting_25\"]){return false;}  window[\"gf_submitting_25\"]=true;  ' onkeypress='if( event.keyCode == 13 ){ if(window[\"gf_submitting_25\"]){return false;} window[\"gf_submitting_25\"]=true;  jQuery(\"#gform_25\").trigger(\"submit\",[true]); }' \/> <input type='hidden' name='gform_ajax' value='form_id=25&amp;title=&amp;description=&amp;tabindex=49' \/>\n            <input type='hidden' class='gform_hidden' name='is_submit_25' value='1' \/>\n            <input type='hidden' class='gform_hidden' name='gform_submit' value='25' \/>\n            \n            <input type='hidden' class='gform_hidden' name='gform_unique_id' value='' \/>\n            <input type='hidden' class='gform_hidden' name='state_25' value='WyJ7XCI4M1wiOltcIjI2MjI4MjYzOWM4NWRjMDRkMjI4OGMwMzk3NmYyOGIzXCJdLFwiMVwiOltcIjc2MzUzNWQxNmNlNGUwYWZjZWVkMDE3NTlkODBlMWU4XCIsXCJmODlmNmFhYTMyNDNiZTFhNzZhY2Q1NDc0NjdlMDAyYlwiLFwiZTJmMzc2ZTRiYzc1ZDg5MWIwZGE2YjQxM2ExMzg5NDZcIixcImZlYjVjZDA3NWFhNDU3OWFkNzZmNDA4NDBkYzliMjA5XCIsXCI0OTRhN2FjZjBhOTg2YjUzZDM2MWEzOGZlNzY0NGMxM1wiLFwiYjZiYTA1MDYyMGYxNDZiYzMwYzM4NmRkNDRkNTY3ZDZcIixcImUwMGI1YmI3ZDgyYTFhZGFiNjAwNGEzNmFiYTFlNDZhXCIsXCJkZWQzN2I2NGM3MjdhZTZhNzJjYjEzY2MzMzVkMmNjOFwiLFwiZjYwN2Y0NTVmYWFhYzA1OTIxNGViYTUxNjI1ZWJlZTZcIl0sXCI5Ni4xXCI6XCI3ZTE2NmQ3NmRmMGZiZmEyMWYwMTE0NzBiYzUxZWMwMlwiLFwiOTYuMlwiOlwiNmZhZTlhYTM1YTEyMWJkMzM5N2Q1OTZmOTIwYTJjNjRcIixcIjk2LjNcIjpcIjM2M2E5NWY0OTAyZDI5NDc4NTVjMTFiNmJjNjcxNjM5XCJ9IiwiM2ZjYmY0OTk3Y2E3NTM4OWJmNjlmZGZiNjAxNWYxMjMiXQ==' \/>\n            <input type='hidden' class='gform_hidden' name='gform_target_page_number_25' id='gform_target_page_number_25' value='0' \/>\n            <input type='hidden' class='gform_hidden' name='gform_source_page_number_25' id='gform_source_page_number_25' value='1' \/>\n            <input type='hidden' name='gform_field_values' value='check=First+Choice%2CSecond+Choice' \/>\n            \n        <\/div>\n                        <input type=\"hidden\" name=\"trp-form-language\" value=\"en\"\/><\/form>\n                        <\/div>\n                <iframe style='display:none;width:0px;height:0px;' src='about:blank' name='gform_ajax_frame_25' id='gform_ajax_frame_25' title='This iframe contains the logic required to handle Ajax powered Gravity Forms.'><\/iframe>\n                <script>\ngform.initializeOnLoaded( function() {gformInitSpinner( 25, 'https:\/\/lta-tennis.be\/wp-content\/plugins\/gravityforms\/images\/spinner.svg' );jQuery('#gform_ajax_frame_25').on('load',function(){var contents = jQuery(this).contents().find('*').html();var is_postback = contents.indexOf('GF_AJAX_POSTBACK') >= 0;if(!is_postback){return;}var form_content = jQuery(this).contents().find('#gform_wrapper_25');var is_confirmation = jQuery(this).contents().find('#gform_confirmation_wrapper_25').length > 0;var is_redirect = contents.indexOf('gformRedirect(){') >= 0;var is_form = form_content.length > 0 && ! is_redirect && ! is_confirmation;var mt = parseInt(jQuery('html').css('margin-top'), 10) + parseInt(jQuery('body').css('margin-top'), 10) + 100;if(is_form){jQuery('#gform_wrapper_25').html(form_content.html());if(form_content.hasClass('gform_validation_error')){jQuery('#gform_wrapper_25').addClass('gform_validation_error');} else {jQuery('#gform_wrapper_25').removeClass('gform_validation_error');}setTimeout( function() { \/* delay the scroll by 50 milliseconds to fix a bug in chrome *\/ jQuery(document).scrollTop(jQuery('#gform_wrapper_25').offset().top - mt); }, 50 );if(window['gformInitDatepicker']) {gformInitDatepicker();}if(window['gformInitPriceFields']) {gformInitPriceFields();}var current_page = jQuery('#gform_source_page_number_25').val();gformInitSpinner( 25, 'https:\/\/lta-tennis.be\/wp-content\/plugins\/gravityforms\/images\/spinner.svg' );jQuery(document).trigger('gform_page_loaded', [25, current_page]);window['gf_submitting_25'] = false;}else if(!is_redirect){var confirmation_content = jQuery(this).contents().find('.GF_AJAX_POSTBACK').html();if(!confirmation_content){confirmation_content = contents;}setTimeout(function(){jQuery('#gform_wrapper_25').replaceWith(confirmation_content);jQuery(document).scrollTop(jQuery('#gf_25').offset().top - mt);jQuery(document).trigger('gform_confirmation_loaded', [25]);window['gf_submitting_25'] = false;wp.a11y.speak(jQuery('#gform_confirmation_message_25').text());}, 50);}else{jQuery('#gform_25').append(contents);if(window['gformRedirect']) {gformRedirect();}}jQuery(document).trigger('gform_post_render', [25, current_page]);} );} );\n<\/script>\n<\/div>\n\t\t\t\t\t\t<\/div>\n\t\t\t\t<\/div>\n\t\t\t\t\t<\/div>\n\t\t<\/div>\n\t\t\t\t\t<\/div>\n\t\t<\/section>\n\t\t\t\t<\/div>","protected":false},"excerpt":{"rendered":"","protected":false},"author":1,"featured_media":0,"parent":0,"menu_order":0,"comment_status":"closed","ping_status":"closed","template":"","meta":{"site-sidebar-layout":"no-sidebar","site-content-layout":"page-builder","ast-site-content-layout":"default","site-content-style":"default","site-sidebar-style":"default","ast-global-header-display":"","ast-banner-title-visibility":"","ast-main-header-display":"","ast-hfb-above-header-display":"","ast-hfb-below-header-display":"","ast-hfb-mobile-header-display":"","site-post-title":"disabled","ast-breadcrumbs-content":"","ast-featured-img":"disabled","footer-sml-layout":"","ast-disable-related-posts":"","theme-transparent-header-meta":"","adv-header-id-meta":"","stick-header-meta":"","header-above-stick-meta":"","header-main-stick-meta":"","header-below-stick-meta":"","astra-migrate-meta-layouts":"default","ast-page-background-enabled":"default","ast-page-background-meta":{"desktop":{"background-color":"","background-image":"","background-repeat":"repeat","background-position":"center center","background-size":"auto","background-attachment":"scroll","background-type":"","background-media":"","overlay-type":"","overlay-color":"","overlay-opacity":"","overlay-gradient":""},"tablet":{"background-color":"","background-image":"","background-repeat":"repeat","background-position":"center center","background-size":"auto","background-attachment":"scroll","background-type":"","background-media":"","overlay-type":"","overlay-color":"","overlay-opacity":"","overlay-gradient":""},"mobile":{"background-color":"","background-image":"","background-repeat":"repeat","background-position":"center center","background-size":"auto","background-attachment":"scroll","background-type":"","background-media":"","overlay-type":"","overlay-color":"","overlay-opacity":"","overlay-gradient":""}},"ast-content-background-meta":{"desktop":{"background-color":"var(--ast-global-color-5)","background-image":"","background-repeat":"repeat","background-position":"center center","background-size":"auto","background-attachment":"scroll","background-type":"","background-media":"","overlay-type":"","overlay-color":"","overlay-opacity":"","overlay-gradient":""},"tablet":{"background-color":"var(--ast-global-color-5)","background-image":"","background-repeat":"repeat","background-position":"center center","background-size":"auto","background-attachment":"scroll","background-type":"","background-media":"","overlay-type":"","overlay-color":"","overlay-opacity":"","overlay-gradient":""},"mobile":{"background-color":"var(--ast-global-color-5)","background-image":"","background-repeat":"repeat","background-position":"center center","background-size":"auto","background-attachment":"scroll","background-type":"","background-media":"","overlay-type":"","overlay-color":"","overlay-opacity":"","overlay-gradient":""}},"footnotes":""},"class_list":["post-218014","page","type-page","status-publish","hentry"],"_links":{"self":[{"href":"https:\/\/lta-tennis.be\/en\/wp-json\/wp\/v2\/pages\/218014","targetHints":{"allow":["GET"]}}],"collection":[{"href":"https:\/\/lta-tennis.be\/en\/wp-json\/wp\/v2\/pages"}],"about":[{"href":"https:\/\/lta-tennis.be\/en\/wp-json\/wp\/v2\/types\/page"}],"author":[{"embeddable":true,"href":"https:\/\/lta-tennis.be\/en\/wp-json\/wp\/v2\/users\/1"}],"replies":[{"embeddable":true,"href":"https:\/\/lta-tennis.be\/en\/wp-json\/wp\/v2\/comments?post=218014"}],"version-history":[{"count":4,"href":"https:\/\/lta-tennis.be\/en\/wp-json\/wp\/v2\/pages\/218014\/revisions"}],"predecessor-version":[{"id":218018,"href":"https:\/\/lta-tennis.be\/en\/wp-json\/wp\/v2\/pages\/218014\/revisions\/218018"}],"wp:attachment":[{"href":"https:\/\/lta-tennis.be\/en\/wp-json\/wp\/v2\/media?parent=218014"}],"curies":[{"name":"wp","href":"https:\/\/api.w.org\/{rel}","templated":true}]}}